{"id":436,"date":"2020-02-07T17:28:13","date_gmt":"2020-02-07T17:28:13","guid":{"rendered":"http:\/\/ecutune.fi\/?page_id=436"},"modified":"2025-12-09T12:30:43","modified_gmt":"2025-12-09T12:30:43","slug":"ccc-modul","status":"publish","type":"page","link":"https:\/\/ecutune.fi\/?page_id=436","title":{"rendered":"CCC Modul (SWE)"},"content":{"rendered":"\n<p class=\"has-medium-font-size\">\nAtt s\u00e4lja renoverade BMW CCC-enheter med ett \u00e5rs garanti, inklusive kodning f\u00f6r din bil!<\/p>\n\n\n\n<p>Dessa inkluderar: bytte ut s\u00f6nderdelade blixtkretsar och andra svaga l\u00f6dn\u00e4t tenn, s\u00e5 dessa enheter \u00e4r i gott skick som nya.<\/p>\n\n\n\n<p>Tillg\u00e4ngligheten varierar, +358 4O83O9295.<\/p>\n\n\n\n<p>Det \u00e4r inte bra att k\u00f6pa begagnade irreparabla eftersom de antagligen kommer att g\u00e5 s\u00f6nder f\u00f6rr eller senare. S\u00e5 det h\u00e4r \u00e4r l\u00f6sningen f\u00f6r en bil som inte kan startas, startas eller p\u00e5 annat s\u00e4tt f\u00f6rvirras (stor modell).<\/p>\n\n\n\n<p>Den f\u00f6rsta modellen passar f\u00f6r E60, E61, E63 och E64. \u00c5rsmodell 2003-2007, dvs Pre-LCI. L\u00e4mplig ocks\u00e5 f\u00f6r LCI-ansiktsplattabyte.<\/p>\n\n\n\n<p>Den andra modellen passar E90, E91, E92, E93, E82, E88 och E87. \u00c5rsmodeller 2005-2009.<\/p>\n\n\n\n<p>Den tredje modellen \u00e4r l\u00e4mplig f\u00f6r E60, E61, E63 och E64. Modell\u00e5r 6 \/ 2007-2009, k\u00e4nd som LCI.<\/p>\n\n\n\n<p>Pris 5000 kronor + deposition av gammal trasig reparerbar enhet 1000 kronor (ingen extern skada). Pris utan v\u00e4xlingsenhet \u00e4r 6000 kronor. Om den gamla enheten skickas f\u00f6rst eller samtidigt som den nya repareras kr\u00e4vs ingen deposition. Bluetooth f\u00f6r musiken +800 kronor.<\/p>\n\n\n\n<p>De senaste kartorna fr\u00e5n 2019 (inklusive hastighetskameror) finns tillg\u00e4ngliga f\u00f6r 400 kronor mot en extra kostnad.<\/p>\n\n\n\n<p>OBS! Vid behov inkluderar priset kodning som kan g\u00f6ras innan leverans mot VIN. Samtidigt kan till exempel AUX aktiveras. S\u00e5 allt du beh\u00f6ver g\u00f6ra \u00e4r att s\u00e4tta p\u00e5 plats och allt fungerar som det ska!<\/p>\n\n\n\n<p>Enheten skickas fr\u00e5n Finland via PostNord, leveranstid 2-3 dagar. Betalning kan g\u00f6ras genom bank\u00f6verf\u00f6ring, MobilePay eller PayPal. <\/p>\n\n\n\n<p><\/p>\n\n\n<div class=\"wp-block-image is-resized\">\n<figure class=\"aligncenter\"><img loading=\"lazy\" decoding=\"async\" width=\"980\" height=\"735\" src=\"http:\/\/ecutune.fi\/wp-content\/uploads\/2020\/02\/ccc11.jpg\" alt=\"\" class=\"wp-image-424\" srcset=\"https:\/\/ecutune.fi\/wp-content\/uploads\/2020\/02\/ccc11.jpg 980w, https:\/\/ecutune.fi\/wp-content\/uploads\/2020\/02\/ccc11-300x225.jpg 300w, https:\/\/ecutune.fi\/wp-content\/uploads\/2020\/02\/ccc11-768x576.jpg 768w\" sizes=\"auto, (max-width: 980px) 100vw, 980px\" \/><\/figure>\n<\/div>","protected":false},"excerpt":{"rendered":"<p>Att s\u00e4lja renoverade BMW CCC-enheter med ett \u00e5rs garanti, inklusive kodning f\u00f6r din bil! Dessa inkluderar: bytte ut s\u00f6nderdelade blixtkretsar och andra svaga l\u00f6dn\u00e4t tenn, s\u00e5 dessa enheter \u00e4r i gott skick som nya. Tillg\u00e4ngligheten varierar, +358 4O83O9295. Det \u00e4r inte bra att k\u00f6pa begagnade irreparabla eftersom de antagligen kommer att g\u00e5 s\u00f6nder f\u00f6rr eller &#8230; <a title=\"CCC Modul (SWE)\" class=\"read-more\" href=\"https:\/\/ecutune.fi\/?page_id=436\" aria-label=\"Lue lis\u00e4\u00e4 aiheesta CCC Modul (SWE)\">Lue lis\u00e4\u00e4<\/a><\/p>\n","protected":false},"author":1,"featured_media":0,"parent":0,"menu_order":0,"comment_status":"closed","ping_status":"closed","template":"","meta":{"footnotes":""},"class_list":["post-436","page","type-page","status-publish"],"_links":{"self":[{"href":"https:\/\/ecutune.fi\/index.php?rest_route=\/wp\/v2\/pages\/436","targetHints":{"allow":["GET"]}}],"collection":[{"href":"https:\/\/ecutune.fi\/index.php?rest_route=\/wp\/v2\/pages"}],"about":[{"href":"https:\/\/ecutune.fi\/index.php?rest_route=\/wp\/v2\/types\/page"}],"author":[{"embeddable":true,"href":"https:\/\/ecutune.fi\/index.php?rest_route=\/wp\/v2\/users\/1"}],"replies":[{"embeddable":true,"href":"https:\/\/ecutune.fi\/index.php?rest_route=%2Fwp%2Fv2%2Fcomments&post=436"}],"version-history":[{"count":9,"href":"https:\/\/ecutune.fi\/index.php?rest_route=\/wp\/v2\/pages\/436\/revisions"}],"predecessor-version":[{"id":558,"href":"https:\/\/ecutune.fi\/index.php?rest_route=\/wp\/v2\/pages\/436\/revisions\/558"}],"wp:attachment":[{"href":"https:\/\/ecutune.fi\/index.php?rest_route=%2Fwp%2Fv2%2Fmedia&parent=436"}],"curies":[{"name":"wp","href":"https:\/\/api.w.org\/{rel}","templated":true}]}}