{"id":423,"date":"2020-02-07T17:11:43","date_gmt":"2020-02-07T17:11:43","guid":{"rendered":"http:\/\/ecutune.fi\/?page_id=423"},"modified":"2025-11-12T11:22:49","modified_gmt":"2025-11-12T11:22:49","slug":"ccc-fix","status":"publish","type":"page","link":"https:\/\/ecutune.fi\/?page_id=423","title":{"rendered":"CCC Yksikk\u00f6"},"content":{"rendered":"\n<p class=\"has-medium-font-size\">Myyd\u00e4\u00e4n peruskunnostettuja BMW:n CCC yksik\u00f6it\u00e4 vuoden takuulla, sis\u00e4lt\u00e4en koodauksen autoosi!\n<br><\/p>\n\n\n\n<p>N\u00e4ihin on mm. vaihdettu hajoavat flash-piirit ja muut heikot juotokset tinattu uudelleen, n\u00e4m\u00e4 yksik\u00f6t ovat siis kunnoltaan uudenveroisia. Uuden vastaavan hinta yli 3000e Schmiedmannilla.<br><\/p>\n\n\n\n<p>K\u00e4ytetty\u00e4 korjaamatonta ei kannata ostaa, sill\u00e4 \nne hajoavat varmasti ennemmin tai my\u00f6hemmin. T\u00e4m\u00e4 on siis ratkaisu \nk\u00e4ynnistym\u00e4tt\u00f6m\u00e4\u00e4n, bootlooppaavaan tai muuten vaan sekoilevaan auton \nn\u00e4ytt\u00f6\u00f6n (iso malli).\n<br><\/p>\n\n\n\n<p>Ykk\u00f6smalli sopii E60, E61, E63 ja E64. Vuosimallit 2003-2007, eli Pre-LCI. Sopii my\u00f6s LCI naamalevyn vaihtamalla. <br>Kakkosmalli sopii E90, E91, E92, E93, E82, E88 ja E87 malleihin. Vuosimallit 2005-2009. <br>Kolmosmalli sopii E60, E61, E63 ja E64. Vuosimallit 6\/2007-2009, eli LCI.<\/p>\n\n\n\n<p>Hinta 400e\/kpl + pantti vanhasta rikkin\u00e4isest\u00e4 korjauskelpoisesta yksik\u00f6st\u00e4 100e (ei ulkoisia vaurioita). Ilman vaihtoyksikk\u00f6\u00e4 hinta 500e. Jos vanha yksikk\u00f6 l\u00e4hetet\u00e4\u00e4n ensin tai samaan aikaan kuin uusi korjattu, niin panttia ei tarvitse maksaa. <br><\/p>\n\n\n\n<p>Postituskulut 15e. My\u00f6s asennus onnistuu 70e lis\u00e4hinnasta. Uusimmat kartat (sis\u00e4lt\u00e4en nopeuskamerat) saatavilla navigaattoriin 40e lis\u00e4hintaan. Lis\u00e4ksi saatavilla Bluetooth musiikkia varten +80e (Ei mene koodauksella, yksik\u00f6n sis\u00e4lle kolvataan vastaanotin. \u00c4\u00e4nenlaatu erinomainen)<br><\/p>\n\n\n\n<p>Huom! Hinta sis\u00e4lt\u00e4\u00e4 tarvittaessa koodauksen,  joka pystyt\u00e4\u00e4n tekem\u00e4\u00e4n ennen l\u00e4hetyst\u00e4 VIN-koodia vastaan. Samalla  onnistuu esim. AUX aktivointi. N\u00e4in ollen t\u00e4m\u00e4 tarvitsee vain laittaa  paikalleen ja kaikki toimii suoraan kuten kuuluukin! <\/p>\n\n\n\n<p><\/p>\n\n\n\n<p>Saatavuus vaihtelee, kysy p\u00e4iv\u00e4n tilannetta numerosta O4O 830 9295 puhelulla tai tekstiviestill\u00e4<\/p>\n\n\n\n<p><\/p>\n\n\n\n<p><\/p>\n\n\n<div class=\"wp-block-image is-resized\">\n<figure class=\"aligncenter\"><img loading=\"lazy\" decoding=\"async\" width=\"980\" height=\"735\" src=\"http:\/\/ecutune.fi\/wp-content\/uploads\/2020\/02\/ccc11.jpg\" alt=\"\" class=\"wp-image-424\" srcset=\"https:\/\/ecutune.fi\/wp-content\/uploads\/2020\/02\/ccc11.jpg 980w, https:\/\/ecutune.fi\/wp-content\/uploads\/2020\/02\/ccc11-300x225.jpg 300w, https:\/\/ecutune.fi\/wp-content\/uploads\/2020\/02\/ccc11-768x576.jpg 768w\" sizes=\"auto, (max-width: 980px) 100vw, 980px\" \/><\/figure>\n<\/div>","protected":false},"excerpt":{"rendered":"<p>Myyd\u00e4\u00e4n peruskunnostettuja BMW:n CCC yksik\u00f6it\u00e4 vuoden takuulla, sis\u00e4lt\u00e4en koodauksen autoosi! N\u00e4ihin on mm. vaihdettu hajoavat flash-piirit ja muut heikot juotokset tinattu uudelleen, n\u00e4m\u00e4 yksik\u00f6t ovat siis kunnoltaan uudenveroisia. Uuden vastaavan hinta yli 3000e Schmiedmannilla. K\u00e4ytetty\u00e4 korjaamatonta ei kannata ostaa, sill\u00e4 ne hajoavat varmasti ennemmin tai my\u00f6hemmin. T\u00e4m\u00e4 on siis ratkaisu k\u00e4ynnistym\u00e4tt\u00f6m\u00e4\u00e4n, bootlooppaavaan tai muuten vaan &#8230; <a title=\"CCC Yksikk\u00f6\" class=\"read-more\" href=\"https:\/\/ecutune.fi\/?page_id=423\" aria-label=\"Lue lis\u00e4\u00e4 aiheesta CCC Yksikk\u00f6\">Lue lis\u00e4\u00e4<\/a><\/p>\n","protected":false},"author":1,"featured_media":0,"parent":0,"menu_order":0,"comment_status":"closed","ping_status":"closed","template":"","meta":{"footnotes":""},"class_list":["post-423","page","type-page","status-publish"],"_links":{"self":[{"href":"https:\/\/ecutune.fi\/index.php?rest_route=\/wp\/v2\/pages\/423","targetHints":{"allow":["GET"]}}],"collection":[{"href":"https:\/\/ecutune.fi\/index.php?rest_route=\/wp\/v2\/pages"}],"about":[{"href":"https:\/\/ecutune.fi\/index.php?rest_route=\/wp\/v2\/types\/page"}],"author":[{"embeddable":true,"href":"https:\/\/ecutune.fi\/index.php?rest_route=\/wp\/v2\/users\/1"}],"replies":[{"embeddable":true,"href":"https:\/\/ecutune.fi\/index.php?rest_route=%2Fwp%2Fv2%2Fcomments&post=423"}],"version-history":[{"count":23,"href":"https:\/\/ecutune.fi\/index.php?rest_route=\/wp\/v2\/pages\/423\/revisions"}],"predecessor-version":[{"id":554,"href":"https:\/\/ecutune.fi\/index.php?rest_route=\/wp\/v2\/pages\/423\/revisions\/554"}],"wp:attachment":[{"href":"https:\/\/ecutune.fi\/index.php?rest_route=%2Fwp%2Fv2%2Fmedia&parent=423"}],"curies":[{"name":"wp","href":"https:\/\/api.w.org\/{rel}","templated":true}]}}