{"id":327,"date":"2019-07-08T14:36:28","date_gmt":"2019-07-08T14:36:28","guid":{"rendered":"http:\/\/ecutune.fi\/?page_id=327"},"modified":"2025-11-11T11:58:27","modified_gmt":"2025-11-11T11:58:27","slug":"ehdot","status":"publish","type":"page","link":"https:\/\/ecutune.fi\/?page_id=327","title":{"rendered":"Ehdot"},"content":{"rendered":"\n<ol class=\"wp-block-list\">\n<li>Jokaisella asennetulla ohjelmalla on auton elinik\u00e4inen toimivuustakuu, mik\u00e4li autoon ei ole tehty mekaanisia muutoksia (turbo, putkisto, suuttimet yms).<\/li>\n\n\n\n<li>Emme tee p\u00e4\u00e4st\u00f6manipulaatioita.<\/li>\n\n\n\n<li>Ecutune.fi on vastuussa ohjelmoinnin aikana tapahtuvista materiaalivahingoista, jotka liittyv\u00e4t itse ohjelmointity\u00f6h\u00f6n (esim. moottorinohjausyksik\u00f6n fyysinen avaus). Mahdollisesta sijaisautosta, hinauksesta ja muista j\u00e4rjestelyist\u00e4 virheen sattuessa asiakas vastaa itse.<\/li>\n\n\n\n<li>Ecutune.fi ei ole vastuussa ohjelmoitavan auton mekaanisista vioista tai kulumasta, asiakas on tietoinen ohjelmoinnin rasittavan moottoria tavanomaista enemm\u00e4n.<\/li>\n\n\n\n<li>Jos ohjelmoitavassa autossa on tehdastakuu tai muu takuu voimassa, ecutune.fi ei ota vastuuta mahdollisesta takuun raukeamisesta.<\/li>\n\n\n\n<li>Ohjelmointi on ajoneuvokohtainen r\u00e4\u00e4t\u00e4l\u00f6ity tuote, jolla ei ole palautusoikeutta, ellei tuote ole virheellinen. T\u00e4ll\u00f6in ecutune.fi on velvollinen korjaamaan ohjelman mik\u00e4li se on mahdollista. Jos ei ole, niin rahat palautetaan asiakkaalle ja autoon asennetaan vakio-ohjelma.<\/li>\n\n\n\n<li>Asiakas on itse vastuussa mahdollisista auton muutoskatsastuksista ja niihin vaadittavista dokumenteista.<\/li>\n\n\n\n<li>Ecutune.fi pid\u00e4tt\u00e4\u00e4 oikeuden olla ohjelmoimatta asiakkaan autoa, mik\u00e4li auto tuodaan ohjelmointiin viallisena (vikakoodeja p\u00e4\u00e4ll\u00e4 yms).<\/li>\n<\/ol>\n\n\n\n<p><\/p>\n\n\n\n<p><\/p>\n","protected":false},"excerpt":{"rendered":"","protected":false},"author":1,"featured_media":0,"parent":0,"menu_order":8,"comment_status":"closed","ping_status":"closed","template":"","meta":{"footnotes":""},"class_list":["post-327","page","type-page","status-publish"],"_links":{"self":[{"href":"https:\/\/ecutune.fi\/index.php?rest_route=\/wp\/v2\/pages\/327","targetHints":{"allow":["GET"]}}],"collection":[{"href":"https:\/\/ecutune.fi\/index.php?rest_route=\/wp\/v2\/pages"}],"about":[{"href":"https:\/\/ecutune.fi\/index.php?rest_route=\/wp\/v2\/types\/page"}],"author":[{"embeddable":true,"href":"https:\/\/ecutune.fi\/index.php?rest_route=\/wp\/v2\/users\/1"}],"replies":[{"embeddable":true,"href":"https:\/\/ecutune.fi\/index.php?rest_route=%2Fwp%2Fv2%2Fcomments&post=327"}],"version-history":[{"count":5,"href":"https:\/\/ecutune.fi\/index.php?rest_route=\/wp\/v2\/pages\/327\/revisions"}],"predecessor-version":[{"id":546,"href":"https:\/\/ecutune.fi\/index.php?rest_route=\/wp\/v2\/pages\/327\/revisions\/546"}],"wp:attachment":[{"href":"https:\/\/ecutune.fi\/index.php?rest_route=%2Fwp%2Fv2%2Fmedia&parent=327"}],"curies":[{"name":"wp","href":"https:\/\/api.w.org\/{rel}","templated":true}]}}