{"id":29,"date":"2019-03-12T16:42:14","date_gmt":"2019-03-12T16:42:14","guid":{"rendered":"http:\/\/ecutune.fi\/?page_id=29"},"modified":"2026-02-23T13:43:58","modified_gmt":"2026-02-23T13:43:58","slug":"yhteystiedot","status":"publish","type":"page","link":"https:\/\/ecutune.fi\/?page_id=29","title":{"rendered":"Yhteystiedot"},"content":{"rendered":"\n<p class=\"has-medium-font-size\">Myyraksentie 25, 01400 Vantaa (Sipoo)<\/p>\n\n\n\n<p><\/p>\n\n\n\n<p class=\"has-text-align-left has-medium-font-size\">Avoinna sopimuksen mukaan, my\u00f6s viikonloppuisin. Tekstiviestej\u00e4 voi l\u00e4hett\u00e4\u00e4 mihin aikaan vain.<\/p>\n\n\n\n<p style=\"font-size:14px\"><\/p>\n\n\n\n<p><\/p>\n\n\n\n<p><del><br><\/del><\/p>\n\n\n\n<p class=\"has-text-align-left has-medium-font-size\">T\u00e4ll\u00e4 hetkell\u00e4 teho-ohjelmointity\u00f6t ovat tauolla. BMW CCC asiat hoituvat <strong>vain<\/strong> soittamalla tai tekstiviestill\u00e4 ottamalla yhteytt\u00e4 numeroon O4O 83O 9295. <\/p>\n\n\n\n<p class=\"has-text-align-left has-medium-font-size\">Kiireett\u00f6miss\u00e4 asioissa voi l\u00e4hesty\u00e4 s\u00e4hk\u00f6postitse: info@ecutune.fi<\/p>\n\n\n\n<p><\/p>\n\n\n\n<p class=\"has-text-align-left has-medium-font-size\"><br><\/p>\n\n\n\n<p class=\"has-text-align-left has-medium-font-size\"><em>Y-tunnus 3013212-7<\/em><\/p>\n\n\n\n<p class=\"has-medium-font-size\"><\/p>\n\n\n<div class=\"wp-block-image\">\n<figure class=\"aligncenter\"><img loading=\"lazy\" decoding=\"async\" width=\"249\" height=\"335\" src=\"http:\/\/ecutune.fi\/wp-content\/uploads\/2019\/03\/21666280-2.jpg\" alt=\"\" class=\"wp-image-242\" srcset=\"https:\/\/ecutune.fi\/wp-content\/uploads\/2019\/03\/21666280-2.jpg 249w, https:\/\/ecutune.fi\/wp-content\/uploads\/2019\/03\/21666280-2-223x300.jpg 223w\" sizes=\"auto, (max-width: 249px) 100vw, 249px\" \/><\/figure>\n<\/div>","protected":false},"excerpt":{"rendered":"<p>Myyraksentie 25, 01400 Vantaa (Sipoo) Avoinna sopimuksen mukaan, my\u00f6s viikonloppuisin. Tekstiviestej\u00e4 voi l\u00e4hett\u00e4\u00e4 mihin aikaan vain. T\u00e4ll\u00e4 hetkell\u00e4 teho-ohjelmointity\u00f6t ovat tauolla. BMW CCC asiat hoituvat vain soittamalla tai tekstiviestill\u00e4 ottamalla yhteytt\u00e4 numeroon O4O 83O 9295. Kiireett\u00f6miss\u00e4 asioissa voi l\u00e4hesty\u00e4 s\u00e4hk\u00f6postitse: info@ecutune.fi Y-tunnus 3013212-7<\/p>\n","protected":false},"author":1,"featured_media":0,"parent":0,"menu_order":7,"comment_status":"closed","ping_status":"closed","template":"","meta":{"footnotes":""},"class_list":["post-29","page","type-page","status-publish"],"_links":{"self":[{"href":"https:\/\/ecutune.fi\/index.php?rest_route=\/wp\/v2\/pages\/29","targetHints":{"allow":["GET"]}}],"collection":[{"href":"https:\/\/ecutune.fi\/index.php?rest_route=\/wp\/v2\/pages"}],"about":[{"href":"https:\/\/ecutune.fi\/index.php?rest_route=\/wp\/v2\/types\/page"}],"author":[{"embeddable":true,"href":"https:\/\/ecutune.fi\/index.php?rest_route=\/wp\/v2\/users\/1"}],"replies":[{"embeddable":true,"href":"https:\/\/ecutune.fi\/index.php?rest_route=%2Fwp%2Fv2%2Fcomments&post=29"}],"version-history":[{"count":33,"href":"https:\/\/ecutune.fi\/index.php?rest_route=\/wp\/v2\/pages\/29\/revisions"}],"predecessor-version":[{"id":568,"href":"https:\/\/ecutune.fi\/index.php?rest_route=\/wp\/v2\/pages\/29\/revisions\/568"}],"wp:attachment":[{"href":"https:\/\/ecutune.fi\/index.php?rest_route=%2Fwp%2Fv2%2Fmedia&parent=29"}],"curies":[{"name":"wp","href":"https:\/\/api.w.org\/{rel}","templated":true}]}}