{"id":113,"date":"2019-03-12T21:14:33","date_gmt":"2019-03-12T21:14:33","guid":{"rendered":"http:\/\/ecutune.fi\/?page_id=113"},"modified":"2019-07-08T15:11:46","modified_gmt":"2019-07-08T15:11:46","slug":"bmw-n54","status":"publish","type":"page","link":"https:\/\/ecutune.fi\/?page_id=113","title":{"rendered":"BMW N54"},"content":{"rendered":"\n<p class=\"has-normal-font-size\">Tarjoamme N54 -moottorille r\u00e4\u00e4t\u00e4l\u00f6ityj\u00e4 ohjelmointeja vankalla omalla kokemuksella. Saatavilla karttoja vakioon, bolt-on viritettyyn tai suurimmalle single turbolle mit\u00e4 kaupasta l\u00f6ytyy. Ota yhteytt\u00e4 ja kerro lis\u00e4\u00e4 autostasi, niin keksit\u00e4\u00e4n juuri Sinun autoon sopiva ratkaisu. My\u00f6s RE85 polttoaineelle ohjelmoinnit onnistuu. Koskee autoja BMW 135i, 335i, Z4 35i ja BMW 535i (USA) vuosimallia 2006-2010.<\/p>\n\n\n\n<div class=\"wp-block-image\"><figure class=\"alignright\"><img loading=\"lazy\" decoding=\"async\" width=\"479\" height=\"444\" src=\"http:\/\/ecutune.fi\/wp-content\/uploads\/2019\/03\/n54.jpg\" alt=\"\" class=\"wp-image-227\" srcset=\"https:\/\/ecutune.fi\/wp-content\/uploads\/2019\/03\/n54.jpg 479w, https:\/\/ecutune.fi\/wp-content\/uploads\/2019\/03\/n54-300x278.jpg 300w\" sizes=\"auto, (max-width: 479px) 100vw, 479px\" \/><figcaption><br><br><\/figcaption><\/figure><\/div>\n\n\n\n<p class=\"has-medium-font-size\"><br><\/p>\n\n\n\n<p class=\"has-medium-font-size\"> <\/p>\n\n\n\n<p style=\"text-align:right\" class=\"has-medium-font-size\">Vakio -> n. 380hv<\/p>\n\n\n\n<p style=\"text-align:right\" class=\"has-medium-font-size\">Bolt-on -> n. 450-500hv<\/p>\n\n\n\n<p style=\"text-align:right\" class=\"has-medium-font-size\">Hybrid turbo -> +500hv<\/p>\n\n\n\n<p style=\"text-align:right\" class=\"has-medium-font-size\">Single turbo -> 600-1000hv<\/p>\n","protected":false},"excerpt":{"rendered":"<p>Tarjoamme N54 -moottorille r\u00e4\u00e4t\u00e4l\u00f6ityj\u00e4 ohjelmointeja vankalla omalla kokemuksella. Saatavilla karttoja vakioon, bolt-on viritettyyn tai suurimmalle single turbolle mit\u00e4 kaupasta l\u00f6ytyy. Ota yhteytt\u00e4 ja kerro lis\u00e4\u00e4 autostasi, niin keksit\u00e4\u00e4n juuri Sinun autoon sopiva ratkaisu. My\u00f6s RE85 polttoaineelle ohjelmoinnit onnistuu. Koskee autoja BMW 135i, 335i, Z4 35i ja BMW 535i (USA) vuosimallia 2006-2010. Vakio -> n. 380hv &#8230; <a title=\"BMW N54\" class=\"read-more\" href=\"https:\/\/ecutune.fi\/?page_id=113\" aria-label=\"Lue lis\u00e4\u00e4 aiheesta BMW N54\">Lue lis\u00e4\u00e4<\/a><\/p>\n","protected":false},"author":1,"featured_media":0,"parent":0,"menu_order":4,"comment_status":"closed","ping_status":"closed","template":"","meta":{"footnotes":""},"class_list":["post-113","page","type-page","status-publish"],"_links":{"self":[{"href":"https:\/\/ecutune.fi\/index.php?rest_route=\/wp\/v2\/pages\/113","targetHints":{"allow":["GET"]}}],"collection":[{"href":"https:\/\/ecutune.fi\/index.php?rest_route=\/wp\/v2\/pages"}],"about":[{"href":"https:\/\/ecutune.fi\/index.php?rest_route=\/wp\/v2\/types\/page"}],"author":[{"embeddable":true,"href":"https:\/\/ecutune.fi\/index.php?rest_route=\/wp\/v2\/users\/1"}],"replies":[{"embeddable":true,"href":"https:\/\/ecutune.fi\/index.php?rest_route=%2Fwp%2Fv2%2Fcomments&post=113"}],"version-history":[{"count":13,"href":"https:\/\/ecutune.fi\/index.php?rest_route=\/wp\/v2\/pages\/113\/revisions"}],"predecessor-version":[{"id":238,"href":"https:\/\/ecutune.fi\/index.php?rest_route=\/wp\/v2\/pages\/113\/revisions\/238"}],"wp:attachment":[{"href":"https:\/\/ecutune.fi\/index.php?rest_route=%2Fwp%2Fv2%2Fmedia&parent=113"}],"curies":[{"name":"wp","href":"https:\/\/api.w.org\/{rel}","templated":true}]}}