{"id":332,"date":"2019-07-08T14:42:56","date_gmt":"2019-07-08T14:42:56","guid":{"rendered":"http:\/\/ecutune.fi\/?page_id=332"},"modified":"2019-07-17T20:36:43","modified_gmt":"2019-07-17T20:36:43","slug":"bmw-f-g-sarja","status":"publish","type":"page","link":"http:\/\/ecutune.fi\/?page_id=332","title":{"rendered":"BMW F ja G"},"content":{"rendered":"\n<div class=\"wp-block-image\"><figure class=\"aligncenter\"><img loading=\"lazy\" decoding=\"async\" width=\"800\" height=\"199\" src=\"http:\/\/ecutune.fi\/wp-content\/uploads\/2019\/07\/bmwFG-1.jpg\" alt=\"\" class=\"wp-image-336\" srcset=\"http:\/\/ecutune.fi\/wp-content\/uploads\/2019\/07\/bmwFG-1.jpg 800w, http:\/\/ecutune.fi\/wp-content\/uploads\/2019\/07\/bmwFG-1-300x75.jpg 300w, http:\/\/ecutune.fi\/wp-content\/uploads\/2019\/07\/bmwFG-1-768x191.jpg 768w\" sizes=\"auto, (max-width: 800px) 100vw, 800px\" \/><\/figure><\/div>\n\n\n\n<p style=\"font-size:18px;text-align:center\"><strong>Vihdoinkin saatavilla OBD-portin kautta teht\u00e4v\u00e4t ohjelmoinnit kaikkiin F- ja G -sarjalaisiin Bemareihin!<\/strong><\/p>\n\n\n\n<p><\/p>\n\n\n\n<p class=\"has-normal-font-size\">Ohjelmointi suoritetaan merkkikohtaisella lisensoidulla ohjelmointilaitteella, jonka toiminta on suunniteltu juuri Bemareiden ohjelmointiin. N\u00e4ist\u00e4 ohjelmoinneista ei j\u00e4\u00e4 mink\u00e4\u00e4nlaisia havaittavia j\u00e4lki\u00e4 moottorinohjausyksikk\u00f6\u00f6n, ei edes merkkihuollon laitteistolla. <\/p>\n\n\n\n<p class=\"has-normal-font-size\">Kyseess\u00e4 on aina ns. Patch -ohjelmointi, joka kuuluu meill\u00e4 vakiovarustukseen. T\u00e4m\u00e4n ansiosta CVN, Dealer program ID, CALID ja jopa viimeisen ohjelmoinnin p\u00e4iv\u00e4m\u00e4\u00e4r\u00e4 pysyv\u00e4t alkuper\u00e4isin\u00e4, joten nyt uskaltaa tuoda jopa takuunalaisen auton lis\u00e4tehojen maailmaan. T\u00e4m\u00e4 on mahdollista vain parhaimmalla markkinoilla olevalla laitteistolla, joten asia ei ole itsest\u00e4\u00e4nselvyys, varsinkaan ilman lis\u00e4veloitusta. Lis\u00e4ksi k\u00e4ytt\u00e4m\u00e4mme ohjelmointilaite on varustettu 24\/7 teknisell\u00e4 tuella, joten mahdollisissa ongelmatilanteissa ratkaisu saadaan nopeasti.<\/p>\n\n\n\n<p><\/p>\n\n\n\n<p><\/p>\n\n\n\n<blockquote class=\"wp-block-quote is-layout-flow wp-block-quote-is-layout-flow\"><p>N\u00e4iden uudempien Bemareiden ohjelmointi on eritt\u00e4in hedelm\u00e4llist\u00e4, esimerkkin\u00e4 2012-2019 vuoden BMW 114i saadaan turvallisesti p\u00e4ivitetty\u00e4 <strong>102hv<\/strong> versiosta aina <strong>240hv<\/strong> asti! Katso juuri sinun autoosi saatavilla olevat tehot klikkaamalla <a href=\"http:\/\/ecutune.fi\/?page_id=312\"><strong>Tehonlis\u00e4ys<\/strong><\/a><br><\/p><\/blockquote>\n\n\n\n<p> <\/p>\n\n\n\n<p> <\/p>\n\n\n\n<p> <\/p>\n\n\n\n<p><\/p>\n\n\n\n<p><\/p>\n\n\n\n<p><\/p>\n\n\n\n<p><\/p>\n\n\n\n<p> <\/p>\n\n\n\n<p> <\/p>\n\n\n\n<p>Seuraavat TC1797-pohjaiset ecut ovat n\u00e4ist\u00e4 ohjelmoitavissa, lista kattaa l\u00e4hes kaikki F- ja G -sarjan BMW:t vuodesta 2011 vuoteen 2019:<\/p>\n\n\n\n<p> \u2022    Bosch EDC17C41<br> \u2022    Bosch EDC17C50<br> \u2022    Bosch EDC17C56<br> \u2022    Bosch EDC17CP45<br> \u2022    Bosch EDC17CP49<br> \u2022    Bosch MEVD17.2.4<br> \u2022    Bosch MEVD17.2.5<br> \u2022    Bosch MEVD17.2.6<br> \u2022    Bosch MEVD17.2.9<br> \u2022    Bosch MEVD17.2.G<br> \u2022    Bosch MEVD17.2.8<br> \u2022    Bosch MEVD17.2.H<br><\/p>\n","protected":false},"excerpt":{"rendered":"<p>Vihdoinkin saatavilla OBD-portin kautta teht\u00e4v\u00e4t ohjelmoinnit kaikkiin F- ja G -sarjalaisiin Bemareihin! Ohjelmointi suoritetaan merkkikohtaisella lisensoidulla ohjelmointilaitteella, jonka toiminta on suunniteltu juuri Bemareiden ohjelmointiin. N\u00e4ist\u00e4 ohjelmoinneista ei j\u00e4\u00e4 mink\u00e4\u00e4nlaisia havaittavia j\u00e4lki\u00e4 moottorinohjausyksikk\u00f6\u00f6n, ei edes merkkihuollon laitteistolla. Kyseess\u00e4 on aina ns. Patch -ohjelmointi, joka kuuluu meill\u00e4 vakiovarustukseen. T\u00e4m\u00e4n ansiosta CVN, Dealer program ID, CALID ja jopa &#8230; <a title=\"BMW F ja G\" class=\"read-more\" href=\"http:\/\/ecutune.fi\/?page_id=332\" aria-label=\"Lue lis\u00e4\u00e4 aiheesta BMW F ja G\">Lue lis\u00e4\u00e4<\/a><\/p>\n","protected":false},"author":1,"featured_media":0,"parent":0,"menu_order":3,"comment_status":"closed","ping_status":"closed","template":"","meta":{"footnotes":""},"class_list":["post-332","page","type-page","status-publish"],"_links":{"self":[{"href":"http:\/\/ecutune.fi\/index.php?rest_route=\/wp\/v2\/pages\/332","targetHints":{"allow":["GET"]}}],"collection":[{"href":"http:\/\/ecutune.fi\/index.php?rest_route=\/wp\/v2\/pages"}],"about":[{"href":"http:\/\/ecutune.fi\/index.php?rest_route=\/wp\/v2\/types\/page"}],"author":[{"embeddable":true,"href":"http:\/\/ecutune.fi\/index.php?rest_route=\/wp\/v2\/users\/1"}],"replies":[{"embeddable":true,"href":"http:\/\/ecutune.fi\/index.php?rest_route=%2Fwp%2Fv2%2Fcomments&post=332"}],"version-history":[{"count":23,"href":"http:\/\/ecutune.fi\/index.php?rest_route=\/wp\/v2\/pages\/332\/revisions"}],"predecessor-version":[{"id":406,"href":"http:\/\/ecutune.fi\/index.php?rest_route=\/wp\/v2\/pages\/332\/revisions\/406"}],"wp:attachment":[{"href":"http:\/\/ecutune.fi\/index.php?rest_route=%2Fwp%2Fv2%2Fmedia&parent=332"}],"curies":[{"name":"wp","href":"https:\/\/api.w.org\/{rel}","templated":true}]}}