{"id":10,"date":"2019-03-12T16:07:12","date_gmt":"2019-03-12T16:07:12","guid":{"rendered":"http:\/\/ecutune.fi\/?page_id=10"},"modified":"2025-11-11T11:50:11","modified_gmt":"2025-11-11T11:50:11","slug":"autosi-tehonlisays","status":"publish","type":"page","link":"http:\/\/ecutune.fi\/?page_id=10","title":{"rendered":"Tehonlis\u00e4ys"},"content":{"rendered":"\n<p class=\"has-text-align-center has-medium-font-size\">Katso alla olevasta pudotusvalikosta Stage 1 -ohjelman tarjoama arvioitu lis\u00e4teho. Korkeamman viritysasteen ohjelmat kysym\u00e4ll\u00e4. Huom! Jos autoasi ei l\u00f6ydy listalta, kysy lis\u00e4tietoja asiakaspalvelusta.<\/p>\n\n\n\n<p><\/p>\n\n\n\n<!DOCTYPE html>\n<html lang=\"en\"><head>\n    <meta charset=\"UTF-8\">\n    <link href=\"https:\/\/ecutune.fi\/ecu\/bootstrap.min.css\" media=\"screen\" rel=\"stylesheet\" type=\"text\/css\"><!-- <link href=\"https:\/\/ecutune.fi\/ecu\/jquery-ui-1.10.2.custom.min.css\" media=\"screen\" rel=\"stylesheet\" type=\"text\/css\"> -->\n    \n    <link href=\"https:\/\/ecutune.fi\/ecu\/stream.css\" media=\"screen\" rel=\"stylesheet\" type=\"text\/css\">\n    <script src=\"https:\/\/ecutune.fi\/ecu\/jquery-1.11.3.min.js\" type=\"text\/javascript\"><\/script><!--<script src=\"https:\/\/ecutune.fi\/ecu\/jquery-ui-1.10.2.custom.min.js\" type=\"text\/javascript\"><\/script>-->\n    \n    <script src=\"https:\/\/ecutune.fi\/ecu\/filter.js\" type=\"text\/javascript\"><\/script>\n    <script src=\"https:\/\/ecutune.fi\/ecu\/vehicles.js\" type=\"text\/javascript\"><\/script>\n    <script src=\"https:\/\/ecutune.fi\/ecu\/pagination.js\" type=\"text\/javascript\"><\/script><\/head>\n<body>\n      <div class=\"sidebar2\">\n    <!--     <div>\n          <div class=\"col-md-12 progress\">\n            <div class=\"progress-bar\" id=\"stream_progress\" style=\"width: 0%;\">0%<\/div>\n          <\/div>\n        <\/div>\n\n        <br>\n -->   \n\n\n\n\n\n  <div class=\"col-md-4\">\n        <div class=\"well\">\n            <fieldset>\n                <legend>Merkki<\/legend>\n                <select class=\"form-control\" name=\"make\" id=\"make\"><option value=\"\">Merkki<\/option><\/select>\n            <\/fieldset>\n        <\/div>\n\n      <\/div>\n      <div class=\"col-md-4\">\n        <div class=\"well\">\n            <fieldset>\n                <legend>Malli<\/legend>\n      <select class=\"form-control\" name=\"model\" id=\"model\"><option value=\"\">Malli<\/option><\/select>\n            <\/fieldset>\n        <\/div>\n\n\n<\/div>\n\n\n      <div class=\"col-md-4\">\n <div class=\"well\">\n            <fieldset>\n                <legend>Moottori<\/legend>\n      <select class=\"form-control\" name=\"engine\" id=\"engine\"><option value=\"\">Moottori<\/option><\/select>\n            <\/fieldset>\n        <\/div> \n\n\n<\/div>\n\n\n\n\n    <\/div>\n\n<!-- \/.col-md-3 -->\n    <div class=\"col-md-12\">\n      <div class=\"row\">\n        <div class=\"content col-md-12\">\n          <div id=\"pagination\" class=\"movies-pagination col-md-9\"><\/div>\n          <div class=\"col-md-3 content hide\">\n            Per Page: <span id=\"per_page\" class=\"content\"><\/span>\n          <\/div>\n        <\/div>\n      <\/div>\n\n\n\n     <table id=\"data-table\" class=\"table table-stripped table-bordered\">\n            <tbody><tr>\n\n\n            <th>Merkki<\/th>\n                \n\n                <th>Malli<\/th>\n\n                <th>Moottori<\/th>\n                <th>Moottorin tyyppi<\/th>\n                <th>Polttoaine<\/th>\n                <th>Vuosimalli<\/th>\n                <th>Nykyinen HP<\/th>\n                <th>Stage 1 HP<\/th>\n                <th>Nykyinen Nm<\/th>\n                <th>Stage 1 Nm<\/th>\n      <\/tr>\n\n\n      <\/tbody><tbody id=\"vehicles\"> \n\n      <\/tbody>\n\n   \n\n      <\/table>\n    <\/div>\n<!-- \/.col-md-9 -->\n<\/div>\n<!-- \/.container -->\n\n      <script id=\"vehicle-template\" type=\"text\/html\">\n        <tr>\n\n\n            <td><%= Brand %><\/td>\n                \n\n                <td><%= Model %> <%= Version %><\/td>\n\n\n                <td><%= Engine %><\/td>\n                <td><%= EngineType %><\/td>\n                <td><%= Fuel %><\/td>\n                <td><%= MY %><\/td>\n\n                <td><%= OrgHP%><\/td>\n                <td><%= TunedBHP%><\/td>\n\n                <td><%= OrgTQ%><\/td>\n                <td><%= TunedTQ%><\/td>\n\n\n\n\n      <\/tr>\n      <\/script>\n      <script id=\"genre_template\" type=\"text\/html\">\n        <div class=\"checkbox\">\n          <label>\n            <input type=\"checkbox\" value=\"<%= genre %>\"> <%= genre %>\n          <\/label>\n        <\/div>\n      <\/script>\n    <\/body><\/html>\n\n\n<div class=\"wp-block-image\">\n<figure class=\"aligncenter\"><img loading=\"lazy\" decoding=\"async\" width=\"800\" height=\"186\" src=\"http:\/\/ecutune.fi\/wp-content\/uploads\/2019\/03\/Speedometer-speed-miles-blue-lights_1366x768-2.jpg\" alt=\"\" class=\"wp-image-270\" srcset=\"http:\/\/ecutune.fi\/wp-content\/uploads\/2019\/03\/Speedometer-speed-miles-blue-lights_1366x768-2.jpg 800w, http:\/\/ecutune.fi\/wp-content\/uploads\/2019\/03\/Speedometer-speed-miles-blue-lights_1366x768-2-300x70.jpg 300w, http:\/\/ecutune.fi\/wp-content\/uploads\/2019\/03\/Speedometer-speed-miles-blue-lights_1366x768-2-768x179.jpg 768w\" sizes=\"auto, (max-width: 800px) 100vw, 800px\" \/><\/figure>\n<\/div>\n\n\n<p><\/p>\n","protected":false},"excerpt":{"rendered":"<p>Katso alla olevasta pudotusvalikosta Stage 1 -ohjelman tarjoama arvioitu lis\u00e4teho. Korkeamman viritysasteen ohjelmat kysym\u00e4ll\u00e4. Huom! Jos autoasi ei l\u00f6ydy listalta, kysy lis\u00e4tietoja asiakaspalvelusta. Merkki Merkki Malli Malli Moottori Moottori Per Page: Merkki Malli Moottori Moottorin tyyppi Polttoaine Vuosimalli Nykyinen HP Stage 1 HP Nykyinen Nm Stage 1 Nm<\/p>\n","protected":false},"author":1,"featured_media":0,"parent":0,"menu_order":10,"comment_status":"closed","ping_status":"closed","template":"","meta":{"footnotes":""},"class_list":["post-10","page","type-page","status-publish"],"_links":{"self":[{"href":"http:\/\/ecutune.fi\/index.php?rest_route=\/wp\/v2\/pages\/10","targetHints":{"allow":["GET"]}}],"collection":[{"href":"http:\/\/ecutune.fi\/index.php?rest_route=\/wp\/v2\/pages"}],"about":[{"href":"http:\/\/ecutune.fi\/index.php?rest_route=\/wp\/v2\/types\/page"}],"author":[{"embeddable":true,"href":"http:\/\/ecutune.fi\/index.php?rest_route=\/wp\/v2\/users\/1"}],"replies":[{"embeddable":true,"href":"http:\/\/ecutune.fi\/index.php?rest_route=%2Fwp%2Fv2%2Fcomments&post=10"}],"version-history":[{"count":28,"href":"http:\/\/ecutune.fi\/index.php?rest_route=\/wp\/v2\/pages\/10\/revisions"}],"predecessor-version":[{"id":541,"href":"http:\/\/ecutune.fi\/index.php?rest_route=\/wp\/v2\/pages\/10\/revisions\/541"}],"wp:attachment":[{"href":"http:\/\/ecutune.fi\/index.php?rest_route=%2Fwp%2Fv2%2Fmedia&parent=10"}],"curies":[{"name":"wp","href":"https:\/\/api.w.org\/{rel}","templated":true}]}}